{"id":2,"date":"2024-08-03T15:10:31","date_gmt":"2024-08-03T15:10:31","guid":{"rendered":"https:\/\/ortschronisten-saubach.de\/?page_id=2"},"modified":"2024-09-23T12:25:51","modified_gmt":"2024-09-23T12:25:51","slug":"sample-page","status":"publish","type":"page","link":"https:\/\/ortschronisten-saubach.de\/?page_id=2","title":{"rendered":"Kino 2024"},"content":{"rendered":"\n<figure class=\"wp-block-image size-full\"><img loading=\"lazy\" decoding=\"async\" width=\"603\" height=\"769\" src=\"https:\/\/ortschronisten-saubach.de\/wp-content\/uploads\/2024\/09\/2024-08-15-15_57_58-Flyer2024.png\" alt=\"\" class=\"wp-image-17\" srcset=\"https:\/\/ortschronisten-saubach.de\/wp-content\/uploads\/2024\/09\/2024-08-15-15_57_58-Flyer2024.png 603w, https:\/\/ortschronisten-saubach.de\/wp-content\/uploads\/2024\/09\/2024-08-15-15_57_58-Flyer2024-235x300.png 235w\" sizes=\"auto, (max-width: 603px) 100vw, 603px\" \/><\/figure>\n\n\n\n<p>Am Freitag, dem 13. September 2024, fand der zweite Kinoabend der Ortschronisten statt. Rund 80 Bewohner aus Saubach und Umgebung waren der Einladung in die sch\u00f6n geschm\u00fcckte St. Jakobi-Kirche gefolgt. F\u00fcr das leibliche Wohl war wieder bestens gesorgt und damit eine Wohlf\u00fchlatmosph\u00e4re geschaffen. Unter den G\u00e4sten waren die B\u00fcrgermeisterin Steffi Einecke und Ehrenb\u00fcrger Karl-Ernst Petersilie mit ihren Familien.<\/p>\n\n\n\n<p>P\u00fcnktlich um 20:00 Uhr wurde der erste Film gezeigt \u2013 eine Sendung aus dem Jahr 2005: \u201eNamen auf der Spur\u201c. U.a. wurden die Namen \u201ePetersilie\u201c und nat\u00fcrlich \u201eSaubach\u201c beleuchtet. Im Anschluss versuchte Sonja Pankiw in einem Vortrag den Ursprung des Namens \u201eSaubach\u201c zu erschlie\u00dfen. Dazu geh\u00f6ren verschiedene Varianten und Meinungen \u00fcber die Herkunft des Namens.<\/p>\n\n\n\n<p>Als n\u00e4chstes folgte ein Film von Joachim Liebl, der im Jahr 2000 die Entwicklung des Ortes und seiner Bewohner dokumentierte. Nach jenem von 1989 war dies der n\u00e4chste Film des Saubachers. Deutlich konnte man die Ver\u00e4nderungen im Ort innerhalb dieses Zeitraumes erkennen, neue H\u00e4user wurden gebaut, alte saniert, neue Firmen waren entstanden.<\/p>\n\n\n\n<p>Nach einer Pause \u00fcbernahm Peter Mischak die Regie und \u00fcberreichte als Erstes den Ortschronisten zwei gerahmte Bilder und einen Feuerwehrhelm vom Anfang des vorigen Jahrhunderts.<\/p>\n\n\n\n<p>Im Anschluss folgte sein Film \u00fcber die Zeit der 1950er Jahre, der das Leben in dieser Zeit in Saubach verdeutlichte. Vom Kindergarten im Hohn, der Einschulung, der Schulzeit in den alten Schulen bis zu Feierlichkeiten am 1. Mai zeigte der Film viele Szenen aus vergangener Zeit.<\/p>\n\n\n\n<p>Der Applaus am Ende zeigte, dass es ein gelungener Abend in der St. Jacobi-Kirche war und eine Fortsetzung gew\u00fcnscht wird. Die Ortschronisten bedanken sich bei allen Helfern, die zu dieser Veranstaltung beigetragen haben.<\/p>\n\n\n\n<blockquote class=\"wp-block-quote is-layout-flow wp-block-quote-is-layout-flow\">\n<figure class=\"wp-block-image size-large\"><img loading=\"lazy\" decoding=\"async\" width=\"1024\" height=\"768\" src=\"https:\/\/ortschronisten-saubach.de\/wp-content\/uploads\/2024\/09\/signal-2024-09-14-101911-1024x768.jpeg\" alt=\"\" class=\"wp-image-10\" srcset=\"https:\/\/ortschronisten-saubach.de\/wp-content\/uploads\/2024\/09\/signal-2024-09-14-101911-1024x768.jpeg 1024w, https:\/\/ortschronisten-saubach.de\/wp-content\/uploads\/2024\/09\/signal-2024-09-14-101911-300x225.jpeg 300w, https:\/\/ortschronisten-saubach.de\/wp-content\/uploads\/2024\/09\/signal-2024-09-14-101911-768x576.jpeg 768w, https:\/\/ortschronisten-saubach.de\/wp-content\/uploads\/2024\/09\/signal-2024-09-14-101911-1536x1152.jpeg 1536w, https:\/\/ortschronisten-saubach.de\/wp-content\/uploads\/2024\/09\/signal-2024-09-14-101911.jpeg 2048w\" sizes=\"auto, (max-width: 1024px) 100vw, 1024px\" \/><\/figure>\n<\/blockquote>\n\n\n\n<p><\/p>\n\n\n\n<blockquote class=\"wp-block-quote is-layout-flow wp-block-quote-is-layout-flow\">\n<p><\/p>\n<\/blockquote>\n\n\n\n<p>Reinh. Schumann<\/p>\n","protected":false},"excerpt":{"rendered":"<p>Am Freitag, dem 13. September 2024, fand der zweite Kinoabend der Ortschronisten statt. Rund 80 Bewohner aus Saubach und Umgebung waren der Einladung in die sch\u00f6n geschm\u00fcckte St. Jakobi-Kirche gefolgt. F\u00fcr das leibliche Wohl war wieder bestens gesorgt und damit eine Wohlf\u00fchlatmosph\u00e4re geschaffen. Unter den G\u00e4sten waren die B\u00fcrgermeisterin Steffi Einecke und Ehrenb\u00fcrger Karl-Ernst Petersilie [&hellip;]<\/p>\n","protected":false},"author":1,"featured_media":0,"parent":0,"menu_order":0,"comment_status":"closed","ping_status":"open","template":"","meta":{"footnotes":""},"class_list":["post-2","page","type-page","status-publish","hentry"],"yoast_head":"<!-- This site is optimized with the Yoast SEO plugin v27.4 - https:\/\/yoast.com\/product\/yoast-seo-wordpress\/ -->\n<title>Kino 2024 - Ortschronisten Saubach<\/title>\n<meta name=\"robots\" content=\"index, follow, max-snippet:-1, max-image-preview:large, max-video-preview:-1\" \/>\n<link rel=\"canonical\" href=\"https:\/\/ortschronisten-saubach.de\/?page_id=2\" \/>\n<meta property=\"og:locale\" content=\"de_DE\" \/>\n<meta property=\"og:type\" content=\"article\" \/>\n<meta property=\"og:title\" content=\"Kino 2024 - Ortschronisten Saubach\" \/>\n<meta property=\"og:description\" content=\"Am Freitag, dem 13. September 2024, fand der zweite Kinoabend der Ortschronisten statt. Rund 80 Bewohner aus Saubach und Umgebung waren der Einladung in die sch\u00f6n geschm\u00fcckte St. Jakobi-Kirche gefolgt. F\u00fcr das leibliche Wohl war wieder bestens gesorgt und damit eine Wohlf\u00fchlatmosph\u00e4re geschaffen. Unter den G\u00e4sten waren die B\u00fcrgermeisterin Steffi Einecke und Ehrenb\u00fcrger Karl-Ernst Petersilie [&hellip;]\" \/>\n<meta property=\"og:url\" content=\"https:\/\/ortschronisten-saubach.de\/?page_id=2\" \/>\n<meta property=\"og:site_name\" content=\"Ortschronisten Saubach\" \/>\n<meta property=\"article:modified_time\" content=\"2024-09-23T12:25:51+00:00\" \/>\n<meta property=\"og:image\" content=\"https:\/\/ortschronisten-saubach.de\/wp-content\/uploads\/2024\/09\/2024-08-15-15_57_58-Flyer2024.png\" \/>\n<meta name=\"twitter:card\" content=\"summary_large_image\" \/>\n<meta name=\"twitter:label1\" content=\"Gesch\u00e4tzte Lesezeit\" \/>\n\t<meta name=\"twitter:data1\" content=\"2\u00a0Minuten\" \/>\n<script type=\"application\/ld+json\" class=\"yoast-schema-graph\">{\"@context\":\"https:\\\/\\\/schema.org\",\"@graph\":[{\"@type\":\"WebPage\",\"@id\":\"https:\\\/\\\/ortschronisten-saubach.de\\\/?page_id=2\",\"url\":\"https:\\\/\\\/ortschronisten-saubach.de\\\/?page_id=2\",\"name\":\"Kino 2024 - Ortschronisten Saubach\",\"isPartOf\":{\"@id\":\"https:\\\/\\\/ortschronisten-saubach.de\\\/#website\"},\"primaryImageOfPage\":{\"@id\":\"https:\\\/\\\/ortschronisten-saubach.de\\\/?page_id=2#primaryimage\"},\"image\":{\"@id\":\"https:\\\/\\\/ortschronisten-saubach.de\\\/?page_id=2#primaryimage\"},\"thumbnailUrl\":\"https:\\\/\\\/ortschronisten-saubach.de\\\/wp-content\\\/uploads\\\/2024\\\/09\\\/2024-08-15-15_57_58-Flyer2024.png\",\"datePublished\":\"2024-08-03T15:10:31+00:00\",\"dateModified\":\"2024-09-23T12:25:51+00:00\",\"breadcrumb\":{\"@id\":\"https:\\\/\\\/ortschronisten-saubach.de\\\/?page_id=2#breadcrumb\"},\"inLanguage\":\"de\",\"potentialAction\":[{\"@type\":\"ReadAction\",\"target\":[\"https:\\\/\\\/ortschronisten-saubach.de\\\/?page_id=2\"]}]},{\"@type\":\"ImageObject\",\"inLanguage\":\"de\",\"@id\":\"https:\\\/\\\/ortschronisten-saubach.de\\\/?page_id=2#primaryimage\",\"url\":\"https:\\\/\\\/ortschronisten-saubach.de\\\/wp-content\\\/uploads\\\/2024\\\/09\\\/2024-08-15-15_57_58-Flyer2024.png\",\"contentUrl\":\"https:\\\/\\\/ortschronisten-saubach.de\\\/wp-content\\\/uploads\\\/2024\\\/09\\\/2024-08-15-15_57_58-Flyer2024.png\",\"width\":603,\"height\":769},{\"@type\":\"BreadcrumbList\",\"@id\":\"https:\\\/\\\/ortschronisten-saubach.de\\\/?page_id=2#breadcrumb\",\"itemListElement\":[{\"@type\":\"ListItem\",\"position\":1,\"name\":\"Startseite\",\"item\":\"https:\\\/\\\/ortschronisten-saubach.de\\\/\"},{\"@type\":\"ListItem\",\"position\":2,\"name\":\"Kino 2024\"}]},{\"@type\":\"WebSite\",\"@id\":\"https:\\\/\\\/ortschronisten-saubach.de\\\/#website\",\"url\":\"https:\\\/\\\/ortschronisten-saubach.de\\\/\",\"name\":\"Ortschronisten Saubach\",\"description\":\"\",\"potentialAction\":[{\"@type\":\"SearchAction\",\"target\":{\"@type\":\"EntryPoint\",\"urlTemplate\":\"https:\\\/\\\/ortschronisten-saubach.de\\\/?s={search_term_string}\"},\"query-input\":{\"@type\":\"PropertyValueSpecification\",\"valueRequired\":true,\"valueName\":\"search_term_string\"}}],\"inLanguage\":\"de\"}]}<\/script>\n<!-- \/ Yoast SEO plugin. -->","yoast_head_json":{"title":"Kino 2024 - Ortschronisten Saubach","robots":{"index":"index","follow":"follow","max-snippet":"max-snippet:-1","max-image-preview":"max-image-preview:large","max-video-preview":"max-video-preview:-1"},"canonical":"https:\/\/ortschronisten-saubach.de\/?page_id=2","og_locale":"de_DE","og_type":"article","og_title":"Kino 2024 - Ortschronisten Saubach","og_description":"Am Freitag, dem 13. September 2024, fand der zweite Kinoabend der Ortschronisten statt. Rund 80 Bewohner aus Saubach und Umgebung waren der Einladung in die sch\u00f6n geschm\u00fcckte St. Jakobi-Kirche gefolgt. F\u00fcr das leibliche Wohl war wieder bestens gesorgt und damit eine Wohlf\u00fchlatmosph\u00e4re geschaffen. Unter den G\u00e4sten waren die B\u00fcrgermeisterin Steffi Einecke und Ehrenb\u00fcrger Karl-Ernst Petersilie [&hellip;]","og_url":"https:\/\/ortschronisten-saubach.de\/?page_id=2","og_site_name":"Ortschronisten Saubach","article_modified_time":"2024-09-23T12:25:51+00:00","og_image":[{"url":"https:\/\/ortschronisten-saubach.de\/wp-content\/uploads\/2024\/09\/2024-08-15-15_57_58-Flyer2024.png","type":"","width":"","height":""}],"twitter_card":"summary_large_image","twitter_misc":{"Gesch\u00e4tzte Lesezeit":"2\u00a0Minuten"},"schema":{"@context":"https:\/\/schema.org","@graph":[{"@type":"WebPage","@id":"https:\/\/ortschronisten-saubach.de\/?page_id=2","url":"https:\/\/ortschronisten-saubach.de\/?page_id=2","name":"Kino 2024 - Ortschronisten Saubach","isPartOf":{"@id":"https:\/\/ortschronisten-saubach.de\/#website"},"primaryImageOfPage":{"@id":"https:\/\/ortschronisten-saubach.de\/?page_id=2#primaryimage"},"image":{"@id":"https:\/\/ortschronisten-saubach.de\/?page_id=2#primaryimage"},"thumbnailUrl":"https:\/\/ortschronisten-saubach.de\/wp-content\/uploads\/2024\/09\/2024-08-15-15_57_58-Flyer2024.png","datePublished":"2024-08-03T15:10:31+00:00","dateModified":"2024-09-23T12:25:51+00:00","breadcrumb":{"@id":"https:\/\/ortschronisten-saubach.de\/?page_id=2#breadcrumb"},"inLanguage":"de","potentialAction":[{"@type":"ReadAction","target":["https:\/\/ortschronisten-saubach.de\/?page_id=2"]}]},{"@type":"ImageObject","inLanguage":"de","@id":"https:\/\/ortschronisten-saubach.de\/?page_id=2#primaryimage","url":"https:\/\/ortschronisten-saubach.de\/wp-content\/uploads\/2024\/09\/2024-08-15-15_57_58-Flyer2024.png","contentUrl":"https:\/\/ortschronisten-saubach.de\/wp-content\/uploads\/2024\/09\/2024-08-15-15_57_58-Flyer2024.png","width":603,"height":769},{"@type":"BreadcrumbList","@id":"https:\/\/ortschronisten-saubach.de\/?page_id=2#breadcrumb","itemListElement":[{"@type":"ListItem","position":1,"name":"Startseite","item":"https:\/\/ortschronisten-saubach.de\/"},{"@type":"ListItem","position":2,"name":"Kino 2024"}]},{"@type":"WebSite","@id":"https:\/\/ortschronisten-saubach.de\/#website","url":"https:\/\/ortschronisten-saubach.de\/","name":"Ortschronisten Saubach","description":"","potentialAction":[{"@type":"SearchAction","target":{"@type":"EntryPoint","urlTemplate":"https:\/\/ortschronisten-saubach.de\/?s={search_term_string}"},"query-input":{"@type":"PropertyValueSpecification","valueRequired":true,"valueName":"search_term_string"}}],"inLanguage":"de"}]}},"_links":{"self":[{"href":"https:\/\/ortschronisten-saubach.de\/index.php?rest_route=\/wp\/v2\/pages\/2","targetHints":{"allow":["GET"]}}],"collection":[{"href":"https:\/\/ortschronisten-saubach.de\/index.php?rest_route=\/wp\/v2\/pages"}],"about":[{"href":"https:\/\/ortschronisten-saubach.de\/index.php?rest_route=\/wp\/v2\/types\/page"}],"author":[{"embeddable":true,"href":"https:\/\/ortschronisten-saubach.de\/index.php?rest_route=\/wp\/v2\/users\/1"}],"replies":[{"embeddable":true,"href":"https:\/\/ortschronisten-saubach.de\/index.php?rest_route=%2Fwp%2Fv2%2Fcomments&post=2"}],"version-history":[{"count":2,"href":"https:\/\/ortschronisten-saubach.de\/index.php?rest_route=\/wp\/v2\/pages\/2\/revisions"}],"predecessor-version":[{"id":18,"href":"https:\/\/ortschronisten-saubach.de\/index.php?rest_route=\/wp\/v2\/pages\/2\/revisions\/18"}],"wp:attachment":[{"href":"https:\/\/ortschronisten-saubach.de\/index.php?rest_route=%2Fwp%2Fv2%2Fmedia&parent=2"}],"curies":[{"name":"wp","href":"https:\/\/api.w.org\/{rel}","templated":true}]}}